{"id":51,"date":"2020-12-20T19:40:41","date_gmt":"2020-12-20T19:40:41","guid":{"rendered":"https:\/\/www.roxkije.pl\/?page_id=51"},"modified":"2021-06-18T22:38:46","modified_gmt":"2021-06-18T22:38:46","slug":"regulamin-dzialalnosci-stowarzyszenia-zwyklego-roxkije-rokietnica","status":"publish","type":"page","link":"https:\/\/www.roxkije.pl\/?page_id=51","title":{"rendered":"Regulamin dzia\u0142alno\u015bci stowarzyszenia zwyk\u0142ego Roxkije Rokietnica"},"content":{"rendered":"\n<p class=\"has-text-align-center\">\u00a71<\/p>\n\n\n\n<ol class=\"wp-block-list\"><li>Stowarzyszenie nosi nazw\u0119 ROXKIJE Rokietnica, w dalszej cz\u0119\u015bci regulaminu zwane &#8222;Stowarzyszeniem&#8221;.<\/li><li>Stowarzyszenie jest dobrowolnym, samorz\u0105dnym, trwa\u0142ym zrzeszeniem o celach niezarobkowych, nie posiadaj\u0105cym osobowo\u015bci prawnej.<\/li><li>Stowarzyszenie jest stowarzyszeniem zwyk\u0142ym w rozumieniu ustawy &#8211; Prawo o stowarzyszeniach.<\/li><li>Podstaw\u0105 dzia\u0142ania Stowarzyszenia s\u0105 przepisy <a href=\"http:\/\/isap.sejm.gov.pl\/isap.nsf\/download.xsp\/WDU19890200104\/U\/D19890104Lj.pdf\">ustawy z dnia 7 kwietnia 1989r. Prawo o stowarzyszeniach (t.j. Dz. U. 2020 poz. 2261)<\/a> oraz postanowienia niniejszego Regulaminu.<\/li><li>Terenem dzia\u0142ania Stowarzyszenia jest Gmina Rokietnica<\/li><li>Siedzib\u0105 Stowarzyszenia jest 62-090 Rokietnica, ul. Lipowa 19\/7<\/li><\/ol>\n\n\n\n<p class=\"has-text-align-center\">\u00a72<\/p>\n\n\n\n<p>Cele dzia\u0142ania Stowarzyszenia:<\/p>\n\n\n\n<ol class=\"wp-block-list\"><li>Promowanie zdrowego trybu \u017cycia<\/li><li>Propagowanie aktywno\u015bci fizycznej poprzez uprawianie Nordic Walking<\/li><li>Aktywizacja senior\u00f3w oraz ludzi samotnych do spotka\u0144 w towarzystwie os\u00f3b o podobnych problemach<\/li><li>Powroty do zdrowia ludzi po chorobach (udary, zawa\u0142y, kontuzje itp.)<\/li><li>Wdro\u017cenie systematyczno\u015bci uprawiania sportu i innych aktywno\u015bci ruchowych<\/li><\/ol>\n\n\n\n<p class=\"has-text-align-center\">\u00a73<\/p>\n\n\n\n<p>Stowarzyszenie realizuje swoje cele poprzez:<\/p>\n\n\n\n<ol class=\"wp-block-list\"><li>Utworzenie w rejonie gminy \u015bcie\u017cek zdrowia.<\/li><li>Utworzenie ogr\u00f3dka z tablicami pogl\u0105dowymi z podstawowymi postawami, rozgrzewk\u0105, trasami marszu oraz rozci\u0105ganiem po treningu Nordic Walking.<\/li><li>Stworzenie miejsca do spotka\u0144, rozgrzewki i treningu N.W.<\/li><\/ol>\n\n\n\n<p class=\"has-text-align-center\">\u00a74<\/p>\n\n\n\n<ol class=\"wp-block-list\"><li>Cz\u0142onkiem Stowarzyszenia mo\u017ce zosta\u0107 osoba fizyczna posiadaj\u0105ca pe\u0142n\u0105 zdolno\u015b\u0107 do czynno\u015bci prawnych i nie pozbawiona praw publicznych, kt\u00f3ra z\u0142o\u017cy pisemne o\u015bwiadczenie o przyst\u0105pieniu do Stowarzyszenia oraz akceptacji niniejszego Regulaminu.<\/li><li>Utrata cz\u0142onkostwa nast\u0119puje w przypadku:<br>a) \u015bmierci cz\u0142onka,<br>b) pisemnej rezygnacji z\u0142o\u017conej zarz\u0105dowi na pi\u015bmie,<br>c) utraty pe\u0142nej zdolno\u015bci do czynno\u015bci prawnych,<br>d) utraty praw publicznych,<br>e) wykluczenia cz\u0142onka Stowarzyszenia z powodu:<br>  &#8211; nie p\u0142acenia sk\u0142adek cz\u0142onkowskich przez okres 3 miesi\u0119cy,<br>  &#8211; nie przestrzegania uchwa\u0142 w\u0142adz Stowarzyszenia oraz postanowie\u0144 niniejszego Regulaminu<br>  &#8211; braku aktywnego uczestnictwa w dzia\u0142alno\u015bci Stowarzyszenia<\/li><li>Uchwa\u0142\u0119 w przedmiocie wykluczenia cz\u0142onka ze Stowarzyszenia podejmuje Walne Zebranie Cz\u0142onk\u00f3w.<\/li><li>Uchwa\u0142a Walnego Zebrania Cz\u0142onk\u00f3w w przedmiocie wykluczenia Cz\u0142onka Stowarzyszenia jest ostateczna.<\/li><\/ol>\n\n\n\n<p class=\"has-text-align-center\">\u00a75<\/p>\n\n\n\n<ol class=\"wp-block-list\"><li>W\u0142adzami Stowarzyszenia s\u0105:<br>a) Walne Zebranie Cz\u0142onk\u00f3w,<br>b) Zarz\u0105d<\/li><li>Kadencja Zarz\u0105du trwa 3 lata, przy czym dotychczasowy Zarz\u0105d pe\u0142ni swoj\u0105 funkcj\u0119 do czasu wyboru nowego Zarz\u0105du.<\/li><li>Najwy\u017csz\u0105 w\u0142adz\u0105 Stowarzyszenia jest Walne Zebranie Cz\u0142onk\u00f3w, kt\u00f3re stanowi\u0105 wszyscy cz\u0142onkowie Stowarzyszenia<\/li><li>Walne Zebranie Cz\u0142onk\u00f3w mo\u017ce by\u0107 zwyczajne lub nadzwyczajne.<\/li><li>Zwyczajne Walne Zebranie zwo\u0142ywane jest przez Zarz\u0105d co najmniej dwa razy w roku.<\/li><li>Nadzwyczajne Walne Zebranie zwo\u0142uje Zarz\u0105d:<br>1) z w\u0142asnej inicjatywy,<br>2) na pisemny, uzasadniony wniosek co najmniej 1\/3 cz\u0142onk\u00f3w Stowarzyszenia.<\/li><li>Nadzwyczajne Walne Zebranie winno by\u0107 zwo\u0142ane w ci\u0105gu 30 dni od daty z\u0142o\u017cenia wniosku.<\/li><li>Nadzwyczajne Walne Zebranie obraduje wy\u0142\u0105cznie nad sprawami, dla rozpatrzenia kt\u00f3rych zosta\u0142o zwo\u0142ane<\/li><\/ol>\n\n\n\n<p class=\"has-text-align-center\">\u00a76<\/p>\n\n\n\n<ol class=\"wp-block-list\"><li>Walne Zebranie Cz\u0142onk\u00f3w w\u0142a\u015bciwe jest do podejmowania decyzji we wszystkich sprawach Stowarzyszenia, za wyj\u0105tkiem spraw zastrze\u017conych niniejszym Regulaminem do kompetencji Zarz\u0105du.<\/li><li>Do wy\u0142\u0105cznych kompetencji Walnego Zebrania Cz\u0142onk\u00f3w nale\u017c\u0105 w szczeg\u00f3lno\u015bci:<br>a) wyb\u00f3r i odwo\u0142anie cz\u0142onk\u00f3w Zarz\u0105du,<br>b) przyj\u0119cie i uchwalenie zmian Regulaminu,<br>c) uchwalenie g\u0142\u00f3wnych kierunk\u00f3w i program\u00f3w dzia\u0142ania Stowarzyszenia,<br>d) kontrola dzia\u0142a\u0144 podj\u0119tych przez Zarz\u0105d,<br>e) wykluczanie cz\u0142onk\u00f3w ze Stowarzyszenia,<br>f) podj\u0119cie uchwa\u0142y w sprawie rozwi\u0105zania Stowarzyszenia,<br>g) ustalenie wysoko\u015bci sk\u0142adki cz\u0142onkowskiej,<br>h) rozpatrywanie skarg cz\u0142onk\u00f3w Stowarzyszenia na dzia\u0142alno\u015b\u0107 Zarz\u0105du.<\/li><li>Uchwa\u0142y Walnego Zebrania Cz\u0142onk\u00f3w Stowarzyszenia, o ile regulamin nie stanowi inaczej, podejmowane s\u0105 zwyk\u0142\u0105 wi\u0119kszo\u015bci\u0105 g\u0142os\u00f3w, przy obecno\u015bci:<br>a) w pierwszym terminie &#8211; co najmniej po\u0142owy uprawnionych do g\u0142osowania cz\u0142onk\u00f3w,<br>b) w drugim terminie &#8211; wyznaczonym w tym samym dniu, 30 minut p\u00f3\u017aniej ni\u017c pierwszy termin &#8211; bez wzgl\u0119du na liczb\u0119 os\u00f3b uprawnionych do g\u0142osowania.<\/li><\/ol>\n\n\n\n<p class=\"has-text-align-center\">\u00a77<\/p>\n\n\n\n<ol class=\"wp-block-list\"><li>Zarz\u0105d Stowarzyszenia sk\u0142ada si\u0119 z czterech cz\u0142onk\u00f3w.<\/li><li>W sk\u0142ad Zarz\u0105du wchodz\u0105 prezes, skarbnik, sekretarz, rzecznik.<\/li><li>Cz\u0142onkowie Zarz\u0105du wybierani s\u0105 przez Walne Zebranie Cz\u0142onk\u00f3w w g\u0142osowaniu jawnym zwyk\u0142\u0105 wi\u0119kszo\u015bci\u0105 g\u0142os\u00f3w.<\/li><li>Wybory Zarz\u0105du Stowarzyszenia dokonuje si\u0119 spo\u015br\u00f3d cz\u0142onk\u00f3w, kt\u00f3rzy wyrazili zgod\u0119 na kandydowanie.<\/li><li>W sk\u0142ad Zarz\u0105du wchodz\u0105 kandydaci, kt\u00f3rzy uzyskali kolejno najwi\u0119ksz\u0105 liczb\u0119 g\u0142os\u00f3w.<\/li><li>Walne Zebranie Cz\u0142onk\u00f3w podejmuje uchwa\u0142\u0119 o podziale funkcji w sk\u0142adzie Zarz\u0105du.<\/li><li>Posiedzenia Zarz\u0105du odbywaj\u0105 si\u0119 w miar\u0119 potrzeb.<\/li><li>Uchwa\u0142y Zarz\u0105du zapadaj\u0105 w g\u0142osowaniu jawnym, zwyk\u0142\u0105 wi\u0119kszo\u015bci\u0105 g\u0142os\u00f3w, przy obecno\u015bci co najmniej po\u0142owy uprawnionych do g\u0142osowania.<\/li><li>Do kompetencji Zarz\u0105du nale\u017cy:<br>a) realizowanie cel\u00f3w Stowarzyszenia,<br>b) reprezentowanie Stowarzyszenia na zewn\u0105trz oraz dzia\u0142anie w jego imieniu,<br>c) realizowanie uchwa\u0142 Walnego Zebrania,<br>d) kierowanie bie\u017c\u0105c\u0105 dzia\u0142alno\u015bci\u0105 Stowarzyszenia,<br>e) zarz\u0105dzanie maj\u0105tkiem i funduszami Stowarzyszenia, zgodnie z uchwa\u0142ami Walnego Zebrania,<br>f) zwo\u0142ywanie Walnych Zebra\u0144 Cz\u0142onk\u00f3w,<br>g) przyjmowanie cz\u0142onk\u00f3w Stowarzyszenia,<br>h) sporz\u0105dzanie sprawozda\u0144 merytorycznych oraz finansowych Stowarzyszenia i przedstawianie ich Walnemu Zebraniu Cz\u0142onk\u00f3w do zatwierdzenia.<\/li><li>W razie, gdy sk\u0142ad Zarz\u0105du ulegnie zmniejszeniu w czasie trwania kadencji, uzupe\u0142nienie sk\u0142adu organu mo\u017ce nast\u0105pi\u0107 w drodze kooptacji, kt\u00f3rej dokonuj\u0105 pozostali cz\u0142onkowie organu. W trybie tym nie mo\u017cna powo\u0142a\u0107 wi\u0119cej ni\u017c po\u0142owy sk\u0142adu organu.<\/li><\/ol>\n\n\n\n<p class=\"has-text-align-center\">\u00a78<\/p>\n\n\n\n<p>Stowarzyszenie uzyskuje \u015brodki na dzia\u0142alno\u015b\u0107 ze sk\u0142adek cz\u0142onkowskich, darowizn, spadk\u00f3w, zapis\u00f3w, dochod\u00f3w z maj\u0105tk\u00f3w Stowarzyszenia oraz ofiarno\u015bci publicznej.<\/p>\n\n\n\n<p class=\"has-text-align-center\">\u00a79<\/p>\n\n\n\n<ol class=\"wp-block-list\"><li>\u015arodkami finansowymi Stowarzyszenia zarz\u0105dza Zarz\u0105d, zgodnie z obowi\u0105zuj\u0105cymi przepisami prawa, niniejszym Regulaminem oraz uchwa\u0142ami Walnego Zebrania Cz\u0142onk\u00f3w.<\/li><li>Podejmowanie przez Zarz\u0105d czynno\u015bci przekraczaj\u0105cych zakres zwyk\u0142ego zarz\u0105du wymaga uprzedniej zgody wszystkich cz\u0142onk\u00f3w Stowarzyszenia oraz udzielenia przez nich pe\u0142nomocnictwa do dokonania tych czynno\u015bci.<\/li><li>Czynno\u015bciami przekraczaj\u0105cymi zakres zwyk\u0142ego zarz\u0105du s\u0105:<br>a) nabycie oraz zbycie nieruchomo\u015bci lub prawa u\u017cytkowania wieczystego,<br>b) ustanowienie ograniczonego prawa rzeczowego,<br>c) zawarcie umowy kredytu albo po\u017cyczki,<br>d) przej\u0119cie d\u0142ugu, uznanie d\u0142ugu, zwolnienie z d\u0142ugu, przyst\u0105pienie do d\u0142ugu, zawarcie umowy por\u0119czenia lub zawarcie podobnej innej umowy,<br>e) zaci\u0105gni\u0119cie innych zobowi\u0105za\u0144 przekraczaj\u0105cych warto\u015b\u0107 10 000 z\u0142.<\/li><li>Do reprezentowania Stowarzyszenia oraz do zaci\u0105gania zobowi\u0105za\u0144 maj\u0105tkowych wymagane s\u0105 podpisy dw\u00f3ch cz\u0142onk\u00f3w Zarz\u0105du dzia\u0142aj\u0105cych \u0142\u0105cznie.<\/li><\/ol>\n\n\n\n<p class=\"has-text-align-center\">\u00a710<\/p>\n\n\n\n<p>Decyzj\u0119 w sprawie zmiany regulaminu oraz rozwi\u0105zania stowarzyszenia podejmuje Walne Zebranie Cz\u0142onk\u00f3w wi\u0119kszo\u015bci\u0105 co najmniej 2\/3 g\u0142os\u00f3w przy obecno\u015bci co najmniej po\u0142owy cz\u0142onk\u00f3w uprawnionych do g\u0142osowania. Podejmuj\u0105c uchwa\u0142\u0119 o rozwi\u0105zaniu Stowarzyszenia Walne Zebranie Cz\u0142onk\u00f3w okre\u015bla przeznaczenie pozosta\u0142ych \u015brodk\u00f3w maj\u0105tkowych Stowarzyszenia.<\/p>\n","protected":false},"excerpt":{"rendered":"<p>\u00a71 Stowarzyszenie nosi nazw\u0119 ROXKIJE Rokietnica, w dalszej cz\u0119\u015bci regulaminu zwane &#8222;Stowarzyszeniem&#8221;. Stowarzyszenie jest dobrowolnym, samorz\u0105dnym, trwa\u0142ym zrzeszeniem o celach niezarobkowych, nie posiadaj\u0105cym osobowo\u015bci prawnej. Stowarzyszenie jest stowarzyszeniem zwyk\u0142ym w rozumieniu ustawy &#8211; Prawo o stowarzyszeniach. Podstaw\u0105 dzia\u0142ania Stowarzyszenia s\u0105 &hellip; <a href=\"https:\/\/www.roxkije.pl\/?page_id=51\">Czytaj dalej <span class=\"meta-nav\">&rarr;<\/span><\/a><\/p>\n","protected":false},"author":1,"featured_media":0,"parent":0,"menu_order":0,"comment_status":"closed","ping_status":"closed","template":"sidebar-page.php","meta":{"ngg_post_thumbnail":0,"footnotes":""},"class_list":["post-51","page","type-page","status-publish","hentry"],"_links":{"self":[{"href":"https:\/\/www.roxkije.pl\/index.php?rest_route=\/wp\/v2\/pages\/51","targetHints":{"allow":["GET"]}}],"collection":[{"href":"https:\/\/www.roxkije.pl\/index.php?rest_route=\/wp\/v2\/pages"}],"about":[{"href":"https:\/\/www.roxkije.pl\/index.php?rest_route=\/wp\/v2\/types\/page"}],"author":[{"embeddable":true,"href":"https:\/\/www.roxkije.pl\/index.php?rest_route=\/wp\/v2\/users\/1"}],"replies":[{"embeddable":true,"href":"https:\/\/www.roxkije.pl\/index.php?rest_route=%2Fwp%2Fv2%2Fcomments&post=51"}],"version-history":[{"count":3,"href":"https:\/\/www.roxkije.pl\/index.php?rest_route=\/wp\/v2\/pages\/51\/revisions"}],"predecessor-version":[{"id":241,"href":"https:\/\/www.roxkije.pl\/index.php?rest_route=\/wp\/v2\/pages\/51\/revisions\/241"}],"wp:attachment":[{"href":"https:\/\/www.roxkije.pl\/index.php?rest_route=%2Fwp%2Fv2%2Fmedia&parent=51"}],"curies":[{"name":"wp","href":"https:\/\/api.w.org\/{rel}","templated":true}]}}