{"id":494,"date":"2021-11-12T20:48:14","date_gmt":"2021-11-12T20:48:14","guid":{"rendered":"https:\/\/www.roxkije.pl\/?page_id=494"},"modified":"2022-11-13T18:09:22","modified_gmt":"2022-11-13T18:09:22","slug":"zajecia","status":"publish","type":"page","link":"https:\/\/www.roxkije.pl\/?page_id=494","title":{"rendered":"Zaj\u0119cia"},"content":{"rendered":"\n<h2 class=\"wp-block-heading\">Zaj\u0119cia doskonal\u0105ce technik\u0119 Nordic Walking<\/h2>\n\n\n\n<p>\u015aroda godz. 18:30 &#8211; z tytu\u0142u na warunki pogodowe odwo\u0142ane do 1 kwietnia<br>Miejsce: Plac Rumpuciowy<br>Intensywno\u015b\u0107 wysi\u0142ku: niska<\/p>\n\n\n\n<p>Niedziela godz. 10:00<br>Miejsce: Sobota, wej\u015bcie do lasu obok cmentarza<br>Intensywno\u015b\u0107 wysi\u0142ku: \u015brednia<\/p>\n\n\n\n<h2 class=\"wp-block-heading\">Op\u0142aty:<\/h2>\n\n\n\n<p>Cz\u0142onkowie stowarzyszenia: w ramach przynale\u017cno\u015bci<br>Osoby nie b\u0119d\u0105ce cz\u0142onkami: 10z\u0142<br>Emerycie\/renci\u015bci: 5z\u0142<br><strong>Pierwsze zaj\u0119cia gratis.<\/strong><\/p>\n","protected":false},"excerpt":{"rendered":"<p>Zaj\u0119cia doskonal\u0105ce technik\u0119 Nordic Walking \u015aroda godz. 18:30 &#8211; z tytu\u0142u na warunki pogodowe odwo\u0142ane do 1 kwietniaMiejsce: Plac RumpuciowyIntensywno\u015b\u0107 wysi\u0142ku: niska Niedziela godz. 10:00Miejsce: Sobota, wej\u015bcie do lasu obok cmentarzaIntensywno\u015b\u0107 wysi\u0142ku: \u015brednia Op\u0142aty: Cz\u0142onkowie stowarzyszenia: w ramach przynale\u017cno\u015bciOsoby nie &hellip; <a href=\"https:\/\/www.roxkije.pl\/?page_id=494\">Czytaj dalej <span class=\"meta-nav\">&rarr;<\/span><\/a><\/p>\n","protected":false},"author":1,"featured_media":0,"parent":0,"menu_order":0,"comment_status":"closed","ping_status":"closed","template":"","meta":{"ngg_post_thumbnail":0,"footnotes":""},"class_list":["post-494","page","type-page","status-publish","hentry"],"_links":{"self":[{"href":"https:\/\/www.roxkije.pl\/index.php?rest_route=\/wp\/v2\/pages\/494","targetHints":{"allow":["GET"]}}],"collection":[{"href":"https:\/\/www.roxkije.pl\/index.php?rest_route=\/wp\/v2\/pages"}],"about":[{"href":"https:\/\/www.roxkije.pl\/index.php?rest_route=\/wp\/v2\/types\/page"}],"author":[{"embeddable":true,"href":"https:\/\/www.roxkije.pl\/index.php?rest_route=\/wp\/v2\/users\/1"}],"replies":[{"embeddable":true,"href":"https:\/\/www.roxkije.pl\/index.php?rest_route=%2Fwp%2Fv2%2Fcomments&post=494"}],"version-history":[{"count":5,"href":"https:\/\/www.roxkije.pl\/index.php?rest_route=\/wp\/v2\/pages\/494\/revisions"}],"predecessor-version":[{"id":1238,"href":"https:\/\/www.roxkije.pl\/index.php?rest_route=\/wp\/v2\/pages\/494\/revisions\/1238"}],"wp:attachment":[{"href":"https:\/\/www.roxkije.pl\/index.php?rest_route=%2Fwp%2Fv2%2Fmedia&parent=494"}],"curies":[{"name":"wp","href":"https:\/\/api.w.org\/{rel}","templated":true}]}}