{"id":30,"date":"2020-12-11T18:59:14","date_gmt":"2020-12-11T18:59:14","guid":{"rendered":"http:\/\/www.roxkije.pl\/?page_id=30"},"modified":"2021-11-12T20:19:11","modified_gmt":"2021-11-12T20:19:11","slug":"strona-glowna","status":"publish","type":"page","link":"https:\/\/www.roxkije.pl\/","title":{"rendered":"Roxkije Rokietnica"},"content":{"rendered":"\n<p class=\"has-medium-font-size\">Jeste\u015bmy grup\u0105 os\u00f3b lubi\u0105cych aktywnie sp\u0119dza\u0107 czas. Naszym zami\u0142owaniem jest Nordic Walking, ale sp\u0119dzamy r\u00f3wnie\u017c wsp\u00f3lny czas na rowerach, turystyce oraz imprezach towarzyskich.<\/p>\n\n\n\n<p class=\"has-medium-font-size\">Wszystko rozpocz\u0119\u0142o si\u0119 od Akademii Santandera. To na tych zaj\u0119ciach wi\u0119kszo\u015b\u0107 z nas przesta\u0142a si\u0119 okalecza\u0107 kijkami. Dochodzi\u0142y kolejne zaj\u0119cia, wyjazdy na zawody, ale ca\u0142y czas byli\u015bmy grupk\u0105 pojedynczych, anonimowych os\u00f3b. <br>Z<code> <\/code>zazdro\u015bci\u0105 spogl\u0105dali\u015bmy na zorganizowane grupy w jednakowych strojach.<\/p>\n\n\n\n<p class=\"has-medium-font-size\">W ko\u0144cu, Kasia rzuci\u0142a propozycj\u0119 utworzenia grupy (jednolite stroje, nazwa itp.). Nie \u017ceby ziarno zaraz pad\u0142o na czarnoziem \ud83d\ude00 ale uda\u0142o si\u0119 stworzy\u0107 Stowarzyszenie Nordic Walking Roxkije Rokietnica &#8211; <br>w skr\u00f3cie Roxkije. Jak w ka\u017cdej grupie, cz\u0142onk\u00f3w przybywa\u0142o <br>i ubywa\u0142o. Jednak najwa\u017cniejszym jest to, \u017ce grupa nie tylko aktywnie \u0107wicz\u0105cych ale i bior\u0105cych udzia\u0142 w &#8222;wyst\u0119pach wyjazdowych&#8221; systematycznie si\u0119 powi\u0119ksza.<\/p>\n\n\n\n<p class=\"has-medium-font-size\">Zdobywamy nowe do\u015bwiadczenia i ch\u0119tnie aktywizujemy innych. Ju\u017c dwukrotnie uda\u0142o nam si\u0119, przy pomocy Urz\u0119du Gminy Rokietnica zorganizowa\u0107 wyjazdy kondycyjne dla naszych mieszka\u0144c\u00f3w. Byli\u015bmy ju\u017c na p\u00f3\u0142nocy i po\u0142udniu Polski. Nie \u017ceby zosta\u0142y ju\u017c tylko dwa wyjazdy :). <\/p>\n\n\n\n<p class=\"has-medium-font-size\">Nie jeste\u015bmy grup\u0105 zamkni\u0119t\u0105. Osoby, kt\u00f3re chcia\u0142yby poprawi\u0107 swoj\u0105 kondycj\u0119 w naszym towarzystwie, serdecznie zapraszamy.<\/p>\n","protected":false},"excerpt":{"rendered":"<p>Jeste\u015bmy grup\u0105 os\u00f3b lubi\u0105cych aktywnie sp\u0119dza\u0107 czas. Naszym zami\u0142owaniem jest Nordic Walking, ale sp\u0119dzamy r\u00f3wnie\u017c wsp\u00f3lny czas na rowerach, turystyce oraz imprezach towarzyskich. Wszystko rozpocz\u0119\u0142o si\u0119 od Akademii Santandera. To na tych zaj\u0119ciach wi\u0119kszo\u015b\u0107 z nas przesta\u0142a si\u0119 okalecza\u0107 kijkami. &hellip; <a href=\"https:\/\/www.roxkije.pl\/\">Czytaj dalej <span class=\"meta-nav\">&rarr;<\/span><\/a><\/p>\n","protected":false},"author":1,"featured_media":0,"parent":0,"menu_order":0,"comment_status":"closed","ping_status":"closed","template":"sidebar-page.php","meta":{"ngg_post_thumbnail":0,"footnotes":""},"class_list":["post-30","page","type-page","status-publish","hentry"],"_links":{"self":[{"href":"https:\/\/www.roxkije.pl\/index.php?rest_route=\/wp\/v2\/pages\/30","targetHints":{"allow":["GET"]}}],"collection":[{"href":"https:\/\/www.roxkije.pl\/index.php?rest_route=\/wp\/v2\/pages"}],"about":[{"href":"https:\/\/www.roxkije.pl\/index.php?rest_route=\/wp\/v2\/types\/page"}],"author":[{"embeddable":true,"href":"https:\/\/www.roxkije.pl\/index.php?rest_route=\/wp\/v2\/users\/1"}],"replies":[{"embeddable":true,"href":"https:\/\/www.roxkije.pl\/index.php?rest_route=%2Fwp%2Fv2%2Fcomments&post=30"}],"version-history":[{"count":9,"href":"https:\/\/www.roxkije.pl\/index.php?rest_route=\/wp\/v2\/pages\/30\/revisions"}],"predecessor-version":[{"id":493,"href":"https:\/\/www.roxkije.pl\/index.php?rest_route=\/wp\/v2\/pages\/30\/revisions\/493"}],"wp:attachment":[{"href":"https:\/\/www.roxkije.pl\/index.php?rest_route=%2Fwp%2Fv2%2Fmedia&parent=30"}],"curies":[{"name":"wp","href":"https:\/\/api.w.org\/{rel}","templated":true}]}}