{"id":1422,"date":"2023-10-16T20:04:41","date_gmt":"2023-10-16T20:04:41","guid":{"rendered":"https:\/\/www.roxkije.pl\/?page_id=1422"},"modified":"2023-10-16T20:04:41","modified_gmt":"2023-10-16T20:04:41","slug":"dobor-kijow-do-nordic-walking","status":"publish","type":"page","link":"https:\/\/www.roxkije.pl\/?page_id=1422","title":{"rendered":"Dob\u00f3r kij\u00f3w do Nordic Walking"},"content":{"rendered":"\n<p>Pierwsz\u0105 rzecz\u0105, na kt\u00f3r\u0105 trzeba zwr\u00f3ci\u0107 uwag\u0119 to rodzaj kij\u00f3w. Wbrew pozorom, cz\u0119sto dochodzi do mylenia kij\u00f3w. Najcz\u0119\u015bciej pomy\u0142ka dotyczy kij\u00f3w trekkingowych.<\/p>\n\n\n\n<h2 class=\"wp-block-heading\">Kije trekkingowe<\/h2>\n\n\n\n<figure class=\"wp-block-image size-full\"><img loading=\"lazy\" decoding=\"async\" width=\"960\" height=\"960\" src=\"https:\/\/www.roxkije.pl\/wp-content\/uploads\/2023\/10\/kije-trekkingowe.jpg\" alt=\"\" class=\"wp-image-1423\" srcset=\"https:\/\/www.roxkije.pl\/wp-content\/uploads\/2023\/10\/kije-trekkingowe.jpg 960w, https:\/\/www.roxkije.pl\/wp-content\/uploads\/2023\/10\/kije-trekkingowe-300x300.jpg 300w, https:\/\/www.roxkije.pl\/wp-content\/uploads\/2023\/10\/kije-trekkingowe-150x150.jpg 150w, https:\/\/www.roxkije.pl\/wp-content\/uploads\/2023\/10\/kije-trekkingowe-768x768.jpg 768w\" sizes=\"auto, (max-width: 960px) 100vw, 960px\" \/><\/figure>\n\n\n\n<p>Maj\u0105 masywn\u0105 r\u0119koje\u015b\u0107, zaopatrzon\u0105 w pasek. R\u0119koje\u015b\u0107 jest profilowana do d\u0142oni, w celu poprawy chwytu, co ma zagwarantowa\u0107 stabilne oparcie. Kije s\u0105 sk\u0142adane, stosunkowo masywne. Grot o\u0142\u00f3wkowy (o r\u00f3\u017cnej grubo\u015bci).<\/p>\n\n\n\n<p>Budowa dostosowana jest do funkcji. Kije trekkingowe u\u017cywane s\u0105 w w\u0119dr\u00f3wkach g\u00f3rskich. Kije trekkingowe pozwalaj\u0105 odci\u0105\u017cy\u0107 nogi i kr\u0119gos\u0142up, u\u0142atwiaj\u0105 szybsze wchodzenie pod g\u00f3r\u0119, oraz zwi\u0119kszaj\u0105 stabilno\u015b\u0107 podczas stromych zej\u015b\u0107. <\/p>\n\n\n\n<h2 class=\"wp-block-heading\">Kije do Nordic Walking<\/h2>\n\n\n\n<figure class=\"wp-block-image size-large\"><img loading=\"lazy\" decoding=\"async\" width=\"1024\" height=\"1022\" src=\"https:\/\/www.roxkije.pl\/wp-content\/uploads\/2023\/10\/fizan-1024x1022.jpg\" alt=\"\" class=\"wp-image-1424\" srcset=\"https:\/\/www.roxkije.pl\/wp-content\/uploads\/2023\/10\/fizan-1024x1022.jpg 1024w, https:\/\/www.roxkije.pl\/wp-content\/uploads\/2023\/10\/fizan-300x300.jpg 300w, https:\/\/www.roxkije.pl\/wp-content\/uploads\/2023\/10\/fizan-150x150.jpg 150w, https:\/\/www.roxkije.pl\/wp-content\/uploads\/2023\/10\/fizan-768x766.jpg 768w, https:\/\/www.roxkije.pl\/wp-content\/uploads\/2023\/10\/fizan-301x300.jpg 301w, https:\/\/www.roxkije.pl\/wp-content\/uploads\/2023\/10\/fizan.jpg 1503w\" sizes=\"auto, (max-width: 1024px) 100vw, 1024px\" \/><\/figure>\n\n\n\n<p>R\u0119koje\u015b\u0107 jest smuk\u0142a, delikatna, zaopatrzona w zapinan\u0105 r\u0119kawiczk\u0119 &#8211; kt\u00f3ra pozwala przymocowa\u0107 kij do r\u0119ki. Kije s\u0105 l\u017cejsze. Mog\u0105 by\u0107 kije o sta\u0142ej d\u0142ugo\u015bci lub sk\u0142adane. Grot mo\u017ce by\u0107 o\u0142\u00f3wkowy lub w kszta\u0142cie pazurka\/no\u017cyka.<\/p>\n\n\n\n<p>Kije Nordic Walking s\u0142u\u017c\u0105 do odpychania, a nie podparcia. Przez to r\u0105czka jest smuk\u0142a z r\u0119kawiczk\u0105 mocuj\u0105c\u0105 d\u0142o\u0144, co pozwala na sprawne, naprzemienne puszczanie i \u0142apanie kija w trakcie marszu. Groty natomiast pozwalaj\u0105 na wbicie\/osadzenie kija w celu pewnego odepchni\u0119cia od pod\u0142o\u017ca.<\/p>\n\n\n\n<h3 class=\"wp-block-heading\">Sk\u0142adane czy sta\u0142e<\/h3>\n\n\n\n<p>Kije sta\u0142e s\u0105 l\u017cejsze, stabilniejsze, cz\u0119sto cichsze. Rozmiar trzeba dobra\u0107 do wzrostu. Wad\u0105 mo\u017ce by\u0107 zajmowanie wi\u0119cej miejsca podczas przechowywania\/transportu.<\/p>\n\n\n\n<p>Kije sk\u0142adane pozwalaj\u0105 dobra\u0107 wysoko\u015b\u0107 do r\u00f3\u017cnego wzrostu u\u017cytkownik\u00f3w, zajmuj\u0105 ma\u0142o miejsca. Mo\u017cna bardzo precyzyjnie dobra\u0107 wysoko\u015b\u0107, podczas gdy sta\u0142e s\u0105 w rozmiarach co 5 cm. Wady: s\u0105 ci\u0119\u017csze, g\u0142o\u015bniejsze, bardziej awaryjne &#8211; system sk\u0142adania mo\u017ce ulec uszkodzeniu lub zu\u017cyciu. <\/p>\n\n\n\n<h3 class=\"wp-block-heading\">rodzaj grotu<\/h3>\n\n\n\n<p>Grot o\u0142\u00f3wkowy jest bezpieczniejszy dla naszych n\u00f3g, w przypadku uderzenia w nog\u0119, jednak nie wbija si\u0119 tak dobrze w pod\u0142o\u017ce jak grot no\u017cykowy = w kszta\u0142cie pazura. Pazurek bardzo dobrze osadza si\u0119 w r\u00f3\u017cnych pod\u0142o\u017cach, ale jest wra\u017cliwy na wy\u0142amanie do boku. Wyb\u00f3r zale\u017cy od preferencji u\u017cytkownika. Wi\u0119kszo\u015b\u0107 zaawansowanych u\u017cytkownik\u00f3w wybiera jednak pazurki.<\/p>\n\n\n\n<h3 class=\"wp-block-heading\">mocowanie r\u0119kawiczki<\/h3>\n\n\n\n<p>Najlepiej wybra\u0107 takie, kt\u00f3re maj\u0105 mo\u017cliwo\u015b\u0107 wypi\u0119cia r\u0119kawiczki. U\u0142atwia to uwolnienie si\u0119 od kijk\u00f3w np. w celu wytarcia nosa<\/p>\n\n\n\n<h3 class=\"wp-block-heading\">D\u0142ugo\u015b\u0107 kija<\/h3>\n\n\n\n<p>Kije o sta\u0142ej d\u0142ugo\u015bci nale\u017cy dobra\u0107 do wzrostu. Trzymaj\u0105c kije przed sob\u0105 pionowo, grotem opartym o pod\u0142o\u017ce powinni\u015bmy uzyska\u0107 k\u0105t prosty pomi\u0119dzy ramieniem, a przedramieniem. Mo\u017cna skorzysta\u0107 z kalkulatora mno\u017c\u0105c wzrost w cm przez 0,68 (zaawansowani 0,72). Mo\u017cna te\u017c pos\u0142u\u017cy\u0107 si\u0119 tabel\u0105:<\/p>\n\n\n\n<ul class=\"wp-block-list\">\n<li>145 &#8211; 152 cm wzrostu: 100 cm<\/li>\n\n\n\n<li>153 &#8211; 161 cm wzrostu: 105 cm<\/li>\n\n\n\n<li>162 &#8211; 167 cm wzrostu: 110 cm<\/li>\n\n\n\n<li>168 &#8211; 173 cm wzrostu: 115 cm<\/li>\n\n\n\n<li>174 &#8211; 180 cm wzrostu: 120 cm<\/li>\n\n\n\n<li>181 &#8211; 186 cm wzrostu: 125 cm<\/li>\n\n\n\n<li>187 &#8211; 194 cm wzrostu: 130 cm<\/li>\n\n\n\n<li>>195 cm wzrostu: 135 cm<\/li>\n<\/ul>\n\n\n\n<h3 class=\"wp-block-heading\">Marka<\/h3>\n\n\n\n<p>Warto kupowa\u0107 kije markowe. Umo\u017cliwia to kupienie i wymian\u0119 r\u0119kawiczek b\u0105d\u017a grot\u00f3w, a nawet r\u0119koje\u015bci. Marka jest zwi\u0105zana z preferencj\u0105 u\u017cytkownika. Najbardziej znane marki to: Leki, Gabel, Fizan, Exel, KV+ i NewFeel. Ka\u017cda marka ma w ofercie r\u00f3\u017cne modele, o r\u00f3\u017cnej zawarto\u015bci karbonu, a co za tym idzie o r\u00f3\u017cnej cenie. <\/p>\n","protected":false},"excerpt":{"rendered":"<p>Pierwsz\u0105 rzecz\u0105, na kt\u00f3r\u0105 trzeba zwr\u00f3ci\u0107 uwag\u0119 to rodzaj kij\u00f3w. Wbrew pozorom, cz\u0119sto dochodzi do mylenia kij\u00f3w. Najcz\u0119\u015bciej pomy\u0142ka dotyczy kij\u00f3w trekkingowych. Kije trekkingowe Maj\u0105 masywn\u0105 r\u0119koje\u015b\u0107, zaopatrzon\u0105 w pasek. R\u0119koje\u015b\u0107 jest profilowana do d\u0142oni, w celu poprawy chwytu, co &hellip; <a href=\"https:\/\/www.roxkije.pl\/?page_id=1422\">Czytaj dalej <span class=\"meta-nav\">&rarr;<\/span><\/a><\/p>\n","protected":false},"author":1,"featured_media":0,"parent":0,"menu_order":0,"comment_status":"closed","ping_status":"closed","template":"","meta":{"ngg_post_thumbnail":0,"footnotes":""},"class_list":["post-1422","page","type-page","status-publish","hentry"],"_links":{"self":[{"href":"https:\/\/www.roxkije.pl\/index.php?rest_route=\/wp\/v2\/pages\/1422","targetHints":{"allow":["GET"]}}],"collection":[{"href":"https:\/\/www.roxkije.pl\/index.php?rest_route=\/wp\/v2\/pages"}],"about":[{"href":"https:\/\/www.roxkije.pl\/index.php?rest_route=\/wp\/v2\/types\/page"}],"author":[{"embeddable":true,"href":"https:\/\/www.roxkije.pl\/index.php?rest_route=\/wp\/v2\/users\/1"}],"replies":[{"embeddable":true,"href":"https:\/\/www.roxkije.pl\/index.php?rest_route=%2Fwp%2Fv2%2Fcomments&post=1422"}],"version-history":[{"count":1,"href":"https:\/\/www.roxkije.pl\/index.php?rest_route=\/wp\/v2\/pages\/1422\/revisions"}],"predecessor-version":[{"id":1426,"href":"https:\/\/www.roxkije.pl\/index.php?rest_route=\/wp\/v2\/pages\/1422\/revisions\/1426"}],"wp:attachment":[{"href":"https:\/\/www.roxkije.pl\/index.php?rest_route=%2Fwp%2Fv2%2Fmedia&parent=1422"}],"curies":[{"name":"wp","href":"https:\/\/api.w.org\/{rel}","templated":true}]}}